{"id":707,"date":"2025-04-10T14:42:27","date_gmt":"2025-04-10T12:42:27","guid":{"rendered":"https:\/\/wecato.de\/?page_id=707"},"modified":"2025-05-23T06:09:12","modified_gmt":"2025-05-23T04:09:12","slug":"loesungen","status":"publish","type":"page","link":"https:\/\/wecato.de\/?page_id=707","title":{"rendered":"L\u00f6sungen"},"content":{"rendered":"\t\t<div data-elementor-type=\"wp-page\" data-elementor-id=\"707\" class=\"elementor elementor-707\">\n\t\t\t\t<div class=\"elementor-element elementor-element-c086886 e-flex e-con-boxed e-con e-parent\" data-id=\"c086886\" data-element_type=\"container\">\n\t\t\t\t\t<div class=\"e-con-inner\">\n\t\t\t\t<div class=\"elementor-element elementor-element-bb94b07 elementor-widget elementor-widget-heading\" data-id=\"bb94b07\" data-element_type=\"widget\" data-widget_type=\"heading.default\">\n\t\t\t\t<div class=\"elementor-widget-container\">\n\t\t\t\t\t<h2 class=\"elementor-heading-title elementor-size-default\">careITgood - Ganzheitliche methodische L\u00f6sung zur Alltagsbegleitung<\/h2>\t\t\t\t<\/div>\n\t\t\t\t<\/div>\n\t\t\t\t\t<\/div>\n\t\t\t\t<\/div>\n\t\t<div class=\"elementor-element elementor-element-f125b40 e-flex e-con-boxed e-con e-parent\" data-id=\"f125b40\" data-element_type=\"container\">\n\t\t\t\t\t<div class=\"e-con-inner\">\n\t\t<div class=\"elementor-element elementor-element-277d04a e-con-full e-flex e-con e-child\" data-id=\"277d04a\" data-element_type=\"container\">\n\t\t\t\t<div class=\"elementor-element elementor-element-a1d36c4 elementor-widget elementor-widget-image\" data-id=\"a1d36c4\" data-element_type=\"widget\" data-widget_type=\"image.default\">\n\t\t\t\t<div class=\"elementor-widget-container\">\n\t\t\t\t\t\t\t\t\t\t\t\t\t\t\t<img fetchpriority=\"high\" decoding=\"async\" width=\"600\" height=\"324\" src=\"https:\/\/wecato.de\/wp-content\/uploads\/2025\/04\/logo.jpg\" class=\"attachment-large size-large wp-image-990\" alt=\"\" srcset=\"https:\/\/wecato.de\/wp-content\/uploads\/2025\/04\/logo.jpg 600w, https:\/\/wecato.de\/wp-content\/uploads\/2025\/04\/logo-300x162.jpg 300w\" sizes=\"(max-width: 600px) 100vw, 600px\" \/>\t\t\t\t\t\t\t\t\t\t\t\t\t\t\t<\/div>\n\t\t\t\t<\/div>\n\t\t\t\t<\/div>\n\t\t<div class=\"elementor-element elementor-element-a702f4e e-con-full e-flex e-con e-child\" data-id=\"a702f4e\" data-element_type=\"container\">\n\t\t\t\t<div class=\"elementor-element elementor-element-c2d8d1a elementor-widget elementor-widget-text-editor\" data-id=\"c2d8d1a\" data-element_type=\"widget\" data-widget_type=\"text-editor.default\">\n\t\t\t\t<div class=\"elementor-widget-container\">\n\t\t\t\t\t\t\t\t\t<p>careITgood kombiniert methodische Ans\u00e4tze zur Arbeitsorganisation in der Alltagsbegleitung mit analogen Orientierungshilfen und digitalen Planungselementen.<\/p><p>Eine anschlussf\u00e4hige Optimierung der Organisation und eine auditierbare Dokumentation der Alltagsbegleitungen nach \u00a743b und \u00a753b SGB XI werden damit intuitiv und praxistauglich in jedem beliebigen Setup erm\u00f6glicht.<\/p><p>Der innovative Planungsansatz erm\u00f6glich Kontinuit\u00e4t und Verbindlichkeit in der Betreuung und ist der Grundstein f\u00fcr eine nachhaltige Steigerung der Befindlichkeit. Bei au\u00dferordentlichen Planungsanforderungen (Krankheiten, Weiterbildungen oder andere Vertretungen) unterst\u00fctzen digitale Werkzeuge bei der gesetzeskonformen Gleichbehandlung und der Einhaltung einer verbindlichen hoch qualitativen Betreuung.<\/p>\t\t\t\t\t\t\t\t<\/div>\n\t\t\t\t<\/div>\n\t\t\t\t<div class=\"elementor-element elementor-element-6dd2cf8 elementor-widget elementor-widget-button\" data-id=\"6dd2cf8\" data-element_type=\"widget\" data-widget_type=\"button.default\">\n\t\t\t\t<div class=\"elementor-widget-container\">\n\t\t\t\t\t\t\t\t\t<div class=\"elementor-button-wrapper\">\n\t\t\t\t\t<a class=\"elementor-button elementor-button-link elementor-size-sm\" href=\"https:\/\/wecato.de\/?page_id=750\">\n\t\t\t\t\t\t<span class=\"elementor-button-content-wrapper\">\n\t\t\t\t\t\t\t\t\t<span class=\"elementor-button-text\">Weiterlesen<\/span>\n\t\t\t\t\t<\/span>\n\t\t\t\t\t<\/a>\n\t\t\t\t<\/div>\n\t\t\t\t\t\t\t\t<\/div>\n\t\t\t\t<\/div>\n\t\t\t\t<\/div>\n\t\t\t\t\t<\/div>\n\t\t\t\t<\/div>\n\t\t\t\t<\/div>\n\t\t","protected":false},"excerpt":{"rendered":"<p>careITgood &#8211; Ganzheitliche methodische L\u00f6sung zur Alltagsbegleitung careITgood kombiniert methodische Ans\u00e4tze zur Arbeitsorganisation in der Alltagsbegleitung mit analogen Orientierungshilfen und digitalen Planungselementen. Eine anschlussf\u00e4hige Optimierung der Organisation und eine auditierbare Dokumentation der Alltagsbegleitungen nach \u00a743b und \u00a753b SGB XI werden<\/p>\n","protected":false},"author":1,"featured_media":0,"parent":0,"menu_order":0,"comment_status":"closed","ping_status":"closed","template":"","meta":{"footnotes":""},"class_list":["post-707","page","type-page","status-publish","hentry"],"_links":{"self":[{"href":"https:\/\/wecato.de\/index.php?rest_route=\/wp\/v2\/pages\/707","targetHints":{"allow":["GET"]}}],"collection":[{"href":"https:\/\/wecato.de\/index.php?rest_route=\/wp\/v2\/pages"}],"about":[{"href":"https:\/\/wecato.de\/index.php?rest_route=\/wp\/v2\/types\/page"}],"author":[{"embeddable":true,"href":"https:\/\/wecato.de\/index.php?rest_route=\/wp\/v2\/users\/1"}],"replies":[{"embeddable":true,"href":"https:\/\/wecato.de\/index.php?rest_route=%2Fwp%2Fv2%2Fcomments&post=707"}],"version-history":[{"count":26,"href":"https:\/\/wecato.de\/index.php?rest_route=\/wp\/v2\/pages\/707\/revisions"}],"predecessor-version":[{"id":1062,"href":"https:\/\/wecato.de\/index.php?rest_route=\/wp\/v2\/pages\/707\/revisions\/1062"}],"wp:attachment":[{"href":"https:\/\/wecato.de\/index.php?rest_route=%2Fwp%2Fv2%2Fmedia&parent=707"}],"curies":[{"name":"wp","href":"https:\/\/api.w.org\/{rel}","templated":true}]}}